{"id":60,"date":"2016-05-29T21:53:26","date_gmt":"2016-05-29T19:53:26","guid":{"rendered":"http:\/\/publikat.home.amu.edu.pl\/?page_id=60"},"modified":"2020-11-22T22:31:43","modified_gmt":"2020-11-22T21:31:43","slug":"redakcja","status":"publish","type":"page","link":"http:\/\/publikacje.amu.edu.pl\/?page_id=60","title":{"rendered":"Redakcja"},"content":{"rendered":"<p><strong>Redakcja<\/strong><\/p>\n<p>prof. UAM dr hab. Zbigniew Pilarczyk<br \/>\nmgr \u0141ukasz Szoszkiewicz<br \/>\nmgr Maciej Paj\u0105k<br \/>\nmgr Igor Gontarz <strong>&#8211; sekretarz<\/strong><\/p>\n<p><strong>Rada Naukowa<\/strong><br \/>\nprof. dr hab. Bogumi\u0142a Kaniewska<br \/>\ndr Julia Wojnowska-Radzi\u0144ska<\/p>\n<p><strong>Kontakt: <\/strong> publikat@amu.edu.pl<br \/>\n&nbsp;<\/p>\n","protected":false},"excerpt":{"rendered":"<p>Redakcja prof. UAM dr hab. Zbigniew Pilarczyk mgr \u0141ukasz Szoszkiewicz mgr Maciej Paj\u0105k mgr Igor Gontarz &#8211; sekretarz Rada Naukowa prof. dr hab. Bogumi\u0142a Kaniewska dr Julia Wojnowska-Radzi\u0144ska Kontakt: publikat@amu.edu.pl &nbsp;<\/p>\n","protected":false},"author":1,"featured_media":0,"parent":0,"menu_order":0,"comment_status":"closed","ping_status":"closed","template":"","meta":[],"_links":{"self":[{"href":"http:\/\/publikacje.amu.edu.pl\/index.php?rest_route=\/wp\/v2\/pages\/60"}],"collection":[{"href":"http:\/\/publikacje.amu.edu.pl\/index.php?rest_route=\/wp\/v2\/pages"}],"about":[{"href":"http:\/\/publikacje.amu.edu.pl\/index.php?rest_route=\/wp\/v2\/types\/page"}],"author":[{"embeddable":true,"href":"http:\/\/publikacje.amu.edu.pl\/index.php?rest_route=\/wp\/v2\/users\/1"}],"replies":[{"embeddable":true,"href":"http:\/\/publikacje.amu.edu.pl\/index.php?rest_route=%2Fwp%2Fv2%2Fcomments&post=60"}],"version-history":[{"count":15,"href":"http:\/\/publikacje.amu.edu.pl\/index.php?rest_route=\/wp\/v2\/pages\/60\/revisions"}],"predecessor-version":[{"id":621,"href":"http:\/\/publikacje.amu.edu.pl\/index.php?rest_route=\/wp\/v2\/pages\/60\/revisions\/621"}],"wp:attachment":[{"href":"http:\/\/publikacje.amu.edu.pl\/index.php?rest_route=%2Fwp%2Fv2%2Fmedia&parent=60"}],"curies":[{"name":"wp","href":"https:\/\/api.w.org\/{rel}","templated":true}]}}