{"id":480,"date":"2019-11-03T20:44:20","date_gmt":"2019-11-03T19:44:20","guid":{"rendered":"http:\/\/publikacje.amu.edu.pl\/?page_id=480"},"modified":"2019-11-18T18:03:37","modified_gmt":"2019-11-18T17:03:37","slug":"nauka-i-szkolnictwo-wyzsze-w-przededniu-wejscia-w-zycie-ustawy-2-0-tom-ii-aspekty-teoretyczne-i-ustrojowe","status":"publish","type":"page","link":"http:\/\/publikacje.amu.edu.pl\/?page_id=480","title":{"rendered":"Nauka i szkolnictwo wy\u017csze w przededniu wej\u015bcia w \u017cycie Ustawy 2.0. Tom I: Pracownicy, studenci, doktoranci"},"content":{"rendered":"<a href=\"http:\/\/publikacje.amu.edu.pl\/wp-content\/uploads\/2019\/11\/Strona-tytu\u0142owa-i-redakcyjna-.pdf\" class=\"pdfemb-viewer\" style=\"\" data-width=\"max\" data-height=\"max\"  data-toolbar=\"top\" data-toolbar-fixed=\"on\">Strona tytu\u0142owa i redakcyjna<br\/><\/a>\n<a href=\"http:\/\/publikacje.amu.edu.pl\/wp-content\/uploads\/2019\/11\/Spis-tre\u015bci-1.pdf\" class=\"pdfemb-viewer\" style=\"\" data-width=\"max\" data-height=\"max\"  data-toolbar=\"top\" data-toolbar-fixed=\"on\">Spis tre\u015bci<br\/><\/a>\n<p><a href=\"http:\/\/publikacje.amu.edu.pl\/wp-content\/uploads\/2019\/11\/Jamio\u0142kowska-Farhan.pdf\" >Jamio\u0142kowska, Farhan- Uwarunkowania Rozwoju Akademickich Inkubator\u00f3w Przedsi\u0119biorczo\u015bci &#8211; analiza modelu polskiego i kanadyjskiego<\/a><\/p>\n<p><a href=\"http:\/\/publikacje.amu.edu.pl\/wp-content\/uploads\/2019\/11\/Zaj\u0105c.pdf\" >Zaj\u0105c &#8211; Od ekskluzji do inkluzji. Poszukiwanie miejsca dla student\u00f3w niepe\u0142nosprawnych w polskim szkolnictwie wy\u017cszym w XXI wieku<\/a><\/p>\n<p><a href =\"http:\/\/publikacje.amu.edu.pl\/wp-content\/uploads\/2019\/11\/Krzymi\u0144ski.pdf\">Krzymi\u0144ski &#8211; Zmiany wprowadzone Ustaw\u0105 2.0 z prespektywy student\u00f3w i ich przedstawicieli<\/a><\/p>\n<p><a href=\"http:\/\/publikacje.amu.edu.pl\/wp-content\/uploads\/2019\/11\/Brzuszczak.pdf\" >Brzuszczak &#8211;  Op\u0142aty z tytu\u0142u powtarzania zaj\u0119\u0107 na studiach wy\u017cszych z powodu niezadowalaj\u0105cych wynik\u00f3w w nauce w \u015bwietle ustawy prawo o szkolnictwie wy\u017cszym i nauce, konstytucji RP i orzecznictwa s\u0105d\u00f3w administracyjnych<\/a><\/p>\n<p><a href =\"http:\/\/publikacje.amu.edu.pl\/wp-content\/uploads\/2019\/11\/Gorazdowski.pdf\">Gorazdowski &#8211; Stosunek odpowiedzialno\u015bci dyscyplinarnej student\u00f3w do odpowiedzialno\u015bci karnej na przyk\u0142adzie Ustawy z 20 lipca 2018 r. &#8211; Prawo o szkolnictwie wy\u017cszym i nauce oraz Statutu nr XI Uniwersytetu Oksfordzkiego z 16 czerwca 2009 r.<\/a><\/p>\n<p><a href =\"http:\/\/publikacje.amu.edu.pl\/wp-content\/uploads\/2019\/11\/Grobelny-Rosicka.pdf\" >Grobelny, Rosicka &#8211; Korporacje akademickie jako forma aktywno\u015bci studenckiej na polskich uczelniach wy\u017cszych<\/a><\/p>\n<p><a href =\"http:\/\/publikacje.amu.edu.pl\/wp-content\/uploads\/2019\/11\/\u015awi\u0105tczak.pdf\" >\u015awi\u0105tczak &#8211; Analiza por\u00f3wnawcza regulacji prawnych dotycz\u0105cych studi\u00f3w doktoranckich w Ustawie z dnia 27 lipca 2005 r. Prawo o szkolnictwie wy\u017cszym i ustawie z dnia 20 lipca 2018 r. &#8211; Prawo o szkolnictwie wy\u017cszym i nauce<\/a><\/p>\n<p><a href =\"http:\/\/publikacje.amu.edu.pl\/wp-content\/uploads\/2019\/11\/\u015amidoda.pdf\" >\u015amidoda &#8211; Kszta\u0142cenie umiej\u0119tno\u015bci pedagogicznych w ramach studi\u00f3w doktoranckich &#8211; analiza krytyczna<\/a><\/p>\n<p><a href =\"http:\/\/publikacje.amu.edu.pl\/wp-content\/uploads\/2019\/11\/Fila.pdf\" >Fila &#8211; Odpowiedzialno\u015b\u0107 dyscyplinarna doktoranta w \u015bwietle unormowa\u0144 Ustawy 2.0<\/a><\/p>\n<p><a href =\"http:\/\/publikacje.amu.edu.pl\/wp-content\/uploads\/2019\/11\/Wasilewski-.pdf\" >Wasilewski &#8211; Stypendium doktoranckie w \u015bwietle Ustawy 2.0 oraz przepis\u00f3w dotychczasowych<\/a><\/p>\n<p><a href =\"http:\/\/publikacje.amu.edu.pl\/wp-content\/uploads\/2019\/11\/Ros\u0142on.pdf\" >Ros\u0142on &#8211; Ustawowy obowi\u0105zek przyznawania przez uczelnie pa\u0144stwowe stypendi\u00f3w doktoranckiego jako s\u0142uszny kierunek Ministerstwa Nauki i Szkolnictwa Wy\u017cszego w zapewnieniu bezpiecze\u0144stwa finansowego doktorantom<\/a><\/p>\n<p><a href =\"http:\/\/publikacje.amu.edu.pl\/wp-content\/uploads\/2019\/11\/Wo\u017aniak.pdf\" >Wo\u017aniak &#8211; Status doktoranta w szkolnictwie wy\u017cszym. Analiza orzecznictwa polskich s\u0105d\u00f3w administracyjnych oraz perspektywy na przysz\u0142o\u015b\u0107 w \u015bwietle ustawy 2.0 ze szczeg\u00f3lnym uwzgl\u0119dnieniem aspektu finansowego<\/a><\/p>\n<p><a href =\"http:\/\/publikacje.amu.edu.pl\/wp-content\/uploads\/2019\/11\/Brzezi\u0144ski-Kie\u0142basi\u0144ski.pdf\" >Brzezi\u0144ski, Kie\u0142basi\u0144ski &#8211; Spos\u00f3b ustalenia minimalnej wysoko\u0144sci stypendium doktoranckiego &#8211; analiza orzecznictwa<\/a><\/p>\n<p><a href=\"http:\/\/publikacje.amu.edu.pl\/wp-content\/uploads\/2019\/11\/Passon.pdf\">Passon &#8211; Sposoby nawi\u0105zania stosunku pracy przez nauczycieli akademickich w \u015bwietle ustawy &#8211; Prawo o szkolnictwie wy\u017cszym i nauce<\/a><\/p>\n<p><a href=\"http:\/\/publikacje.amu.edu.pl\/wp-content\/uploads\/2019\/11\/Piotrowski.pdf\">Piotrowski &#8211; Post\u0119powanie dyscyplinarne wobec nauczycieli akademickich w \u015bwietle Ustawy 2.0<\/a><\/p>\n","protected":false},"excerpt":{"rendered":"<p>Jamio\u0142kowska, Farhan- Uwarunkowania Rozwoju Akademickich Inkubator\u00f3w Przedsi\u0119biorczo\u015bci &#8211; analiza modelu polskiego i kanadyjskiego Zaj\u0105c &#8211; Od ekskluzji do inkluzji. Poszukiwanie miejsca dla student\u00f3w niepe\u0142nosprawnych w polskim szkolnictwie wy\u017cszym w XXI wieku Krzymi\u0144ski &#8211; Zmiany wprowadzone Ustaw\u0105 2.0 z prespektywy student\u00f3w i ich przedstawicieli Brzuszczak &#8211; Op\u0142aty z tytu\u0142u powtarzania zaj\u0119\u0107 na studiach wy\u017cszych z powodu &#8230; <a title=\"Nauka i szkolnictwo wy\u017csze w przededniu wej\u015bcia w \u017cycie Ustawy 2.0. Tom I: Pracownicy, studenci, doktoranci\" class=\"read-more\" href=\"http:\/\/publikacje.amu.edu.pl\/?page_id=480\" aria-label=\"More on Nauka i szkolnictwo wy\u017csze w przededniu wej\u015bcia w \u017cycie Ustawy 2.0. Tom I: Pracownicy, studenci, doktoranci\">Czytaj dalej<\/a><\/p>\n","protected":false},"author":1,"featured_media":0,"parent":0,"menu_order":0,"comment_status":"closed","ping_status":"closed","template":"","meta":[],"_links":{"self":[{"href":"http:\/\/publikacje.amu.edu.pl\/index.php?rest_route=\/wp\/v2\/pages\/480"}],"collection":[{"href":"http:\/\/publikacje.amu.edu.pl\/index.php?rest_route=\/wp\/v2\/pages"}],"about":[{"href":"http:\/\/publikacje.amu.edu.pl\/index.php?rest_route=\/wp\/v2\/types\/page"}],"author":[{"embeddable":true,"href":"http:\/\/publikacje.amu.edu.pl\/index.php?rest_route=\/wp\/v2\/users\/1"}],"replies":[{"embeddable":true,"href":"http:\/\/publikacje.amu.edu.pl\/index.php?rest_route=%2Fwp%2Fv2%2Fcomments&post=480"}],"version-history":[{"count":7,"href":"http:\/\/publikacje.amu.edu.pl\/index.php?rest_route=\/wp\/v2\/pages\/480\/revisions"}],"predecessor-version":[{"id":562,"href":"http:\/\/publikacje.amu.edu.pl\/index.php?rest_route=\/wp\/v2\/pages\/480\/revisions\/562"}],"wp:attachment":[{"href":"http:\/\/publikacje.amu.edu.pl\/index.php?rest_route=%2Fwp%2Fv2%2Fmedia&parent=480"}],"curies":[{"name":"wp","href":"https:\/\/api.w.org\/{rel}","templated":true}]}}