{"id":458,"date":"2019-11-03T20:28:35","date_gmt":"2019-11-03T19:28:35","guid":{"rendered":"http:\/\/publikacje.amu.edu.pl\/?page_id=458"},"modified":"2019-11-23T10:00:16","modified_gmt":"2019-11-23T09:00:16","slug":"nauka-i-szkolnictwo-wyzsze-w-przededniu-wejscia-w-zycie-ustawy-2-0-tom-i-pracownicy-doktoranci-studenci","status":"publish","type":"page","link":"http:\/\/publikacje.amu.edu.pl\/?page_id=458","title":{"rendered":"Nauka i szkolnictwo wy\u017csze w przededniu wej\u015bcia w \u017cycie Ustawy 2.0. Tom II: Aspekty teorytyczne i ustrojowe"},"content":{"rendered":"<a href=\"http:\/\/publikacje.amu.edu.pl\/wp-content\/uploads\/2019\/11\/Strona-tytu\u0142owa-i-redakcyjna-1.pdf\" class=\"pdfemb-viewer\" style=\"\" data-width=\"max\" data-height=\"max\"  data-toolbar=\"top\" data-toolbar-fixed=\"on\">Strona tytu\u0142owa i redakcyjna<br\/><\/a>\n<a href=\"http:\/\/publikacje.amu.edu.pl\/wp-content\/uploads\/2019\/11\/spistresci_tomII.pdf\" class=\"pdfemb-viewer\" style=\"\" data-width=\"max\" data-height=\"max\"  data-toolbar=\"top\" data-toolbar-fixed=\"on\">spistresci_tomII<br\/><\/a>\n<a href=\"http:\/\/publikacje.amu.edu.pl\/wp-content\/uploads\/2019\/11\/notki_prawo.pdf\" class=\"pdfemb-viewer\" style=\"\" data-width=\"max\" data-height=\"max\"  data-toolbar=\"top\" data-toolbar-fixed=\"on\">notki_prawo<br\/><\/a>\n<p>&nbsp;<\/p>\n<p><a href=\"http:\/\/publikacje.amu.edu.pl\/wp-content\/uploads\/2019\/11\/Basior.pdf\"> Basior &#8211; Rozk\u0142ad funkcjonowanie szk\u00f3\u0142 wy\u017cszych a konieczno\u015b\u0107 reform, czyli szkolnictwo wy\u017csze u progu zmiany <\/a><\/p>\n<p><a href=\"http:\/\/publikacje.amu.edu.pl\/wp-content\/uploads\/2019\/11\/Bina\u015b.pdf\"> Bina\u015b &#8211; Analiza reformy szkolnictwa wy\u017cszego wprowadzonej Ustaw\u0105 z 20 lipca 2018 r, Prawo o szkolnictwie wy\u017csze i nauce w ramach wybranych teorii polityki spo\u0142ecznej<\/a><\/p>\n<p><a href=\"http:\/\/publikacje.amu.edu.pl\/wp-content\/uploads\/2019\/11\/Pawelski.pdf\"> Pawelski &#8211; Finansowania szkolnictwa wy\u017cszego. Wybrane zagadnienia<\/a><\/p>\n<p><a href=\"http:\/\/publikacje.amu.edu.pl\/wp-content\/uploads\/2019\/11\/Augustyn-Beer.pdf\"> Augustyn, Beer &#8211; Finansowania szkolnictwa wy\u017cszego &#8211; zmiany na gruncie ustawy &#8222;Prawo o szkolnictwie wy\u017cszym i nauce&#8221; <\/a><\/p>\n<p><a href=\"http:\/\/publikacje.amu.edu.pl\/wp-content\/uploads\/2019\/11\/Hy\u017corek.pdf\"> Hy\u017corek &#8211; Badania naukowe i ewaluacja dzia\u0142alno\u015bci naukowej w \u015bwietle Konstytucji dla Nauki <\/a><\/p>\n<p><a href=\"http:\/\/publikacje.amu.edu.pl\/wp-content\/uploads\/2019\/11\/Mr\u00f3z.pdf\"> Mr\u00f3z &#8211; Ewaluacja jako\u015bci dzia\u0142alno\u015bci naukowej<\/a><\/p>\n<p><a href=\"http:\/\/publikacje.amu.edu.pl\/wp-content\/uploads\/2019\/11\/Tomczak.pdf\"> Tomczak &#8211; Komercjalizacja wynik\u00f3w bada\u0144 naukowych w \u015bwietle Ustawy 2.0<\/a><\/p>\n<p><a href=\"http:\/\/publikacje.amu.edu.pl\/wp-content\/uploads\/2019\/11\/Janczewska.pdf\"> Janczewska &#8211; Reforma szkolnictwa wy\u017cszego i ochrony danych osobowych &#8211; wzajemne relacje nowych przepis\u00f3w <\/a><\/p>\n<p><a href=\"http:\/\/publikacje.amu.edu.pl\/wp-content\/uploads\/2019\/11\/Dragan.pdf\"> Dragan &#8211; Wybrane problemy zwi\u0105zane z ochron\u0105 danych osobowych w kontek\u015bcie prowadzenia bada\u0144 naukowych<\/a><\/p>\n<p><a href=\"http:\/\/publikacje.amu.edu.pl\/wp-content\/uploads\/2019\/11\/Rzetecki.pdf\"> Rzetecki &#8211; Por\u00f3wnanie polskiej i du\u0144skiej koncepcji funkcjonowania Rady Uczelni<\/a><\/p>\n<p><a href=\"http:\/\/publikacje.amu.edu.pl\/wp-content\/uploads\/2019\/11\/Strojny.pdf\"> Strojny &#8211; Szkolnictwo wy\u017csze w Polsce i Stanach Zjednoczonych &#8211; analiza por\u00f3wnawcza<\/a><\/p>\n<p><a href=\"http:\/\/publikacje.amu.edu.pl\/wp-content\/uploads\/2019\/11\/Kra\u015b.pdf\"> Kra\u015b &#8211; Zarz\u0105dzanie a jako\u015b\u0107 w szkolnictwie wy\u017cszym w aspekcie umi\u0119dzynarodowienia<\/a><\/p>\n<p><a href=\"http:\/\/publikacje.amu.edu.pl\/wp-content\/uploads\/2019\/11\/talipska_pdf.pdf\"> Talipska &#8211; Uczelnie wy\u017csze a prawa komunikacyjne G\u0142uchych w Polsce<\/a><\/p>\n","protected":false},"excerpt":{"rendered":"<p>&nbsp; Basior &#8211; Rozk\u0142ad funkcjonowanie szk\u00f3\u0142 wy\u017cszych a konieczno\u015b\u0107 reform, czyli szkolnictwo wy\u017csze u progu zmiany Bina\u015b &#8211; Analiza reformy szkolnictwa wy\u017cszego wprowadzonej Ustaw\u0105 z 20 lipca 2018 r, Prawo o szkolnictwie wy\u017csze i nauce w ramach wybranych teorii polityki spo\u0142ecznej Pawelski &#8211; Finansowania szkolnictwa wy\u017cszego. Wybrane zagadnienia Augustyn, Beer &#8211; Finansowania szkolnictwa wy\u017cszego &#8211; &#8230; <a title=\"Nauka i szkolnictwo wy\u017csze w przededniu wej\u015bcia w \u017cycie Ustawy 2.0. Tom II: Aspekty teorytyczne i ustrojowe\" class=\"read-more\" href=\"http:\/\/publikacje.amu.edu.pl\/?page_id=458\" aria-label=\"More on Nauka i szkolnictwo wy\u017csze w przededniu wej\u015bcia w \u017cycie Ustawy 2.0. Tom II: Aspekty teorytyczne i ustrojowe\">Czytaj dalej<\/a><\/p>\n","protected":false},"author":1,"featured_media":0,"parent":0,"menu_order":0,"comment_status":"closed","ping_status":"closed","template":"","meta":[],"_links":{"self":[{"href":"http:\/\/publikacje.amu.edu.pl\/index.php?rest_route=\/wp\/v2\/pages\/458"}],"collection":[{"href":"http:\/\/publikacje.amu.edu.pl\/index.php?rest_route=\/wp\/v2\/pages"}],"about":[{"href":"http:\/\/publikacje.amu.edu.pl\/index.php?rest_route=\/wp\/v2\/types\/page"}],"author":[{"embeddable":true,"href":"http:\/\/publikacje.amu.edu.pl\/index.php?rest_route=\/wp\/v2\/users\/1"}],"replies":[{"embeddable":true,"href":"http:\/\/publikacje.amu.edu.pl\/index.php?rest_route=%2Fwp%2Fv2%2Fcomments&post=458"}],"version-history":[{"count":11,"href":"http:\/\/publikacje.amu.edu.pl\/index.php?rest_route=\/wp\/v2\/pages\/458\/revisions"}],"predecessor-version":[{"id":558,"href":"http:\/\/publikacje.amu.edu.pl\/index.php?rest_route=\/wp\/v2\/pages\/458\/revisions\/558"}],"wp:attachment":[{"href":"http:\/\/publikacje.amu.edu.pl\/index.php?rest_route=%2Fwp%2Fv2%2Fmedia&parent=458"}],"curies":[{"name":"wp","href":"https:\/\/api.w.org\/{rel}","templated":true}]}}