{"id":442,"date":"2019-10-28T23:02:23","date_gmt":"2019-10-28T22:02:23","guid":{"rendered":"http:\/\/publikacje.amu.edu.pl\/?page_id=442"},"modified":"2019-12-10T13:36:58","modified_gmt":"2019-12-10T12:36:58","slug":"europa-w-15-lat-po-wielkim-rozszerzeniu-ue-3","status":"publish","type":"page","link":"http:\/\/publikacje.amu.edu.pl\/?page_id=442","title":{"rendered":"Europa w 15 lat po wielkim rozszerzeniu UE"},"content":{"rendered":"<p><a href=\"http:\/\/publikacje.amu.edu.pl\/wp-content\/uploads\/2019\/10\/15-lecie-Spis-tre\u015bci-i-tytu\u0142y.pdf\" class=\"pdfemb-viewer\" style=\"\" data-width=\"max\" data-height=\"max\"  data-toolbar=\"top\" data-toolbar-fixed=\"on\">15-lecie-Spis-tre\u015bci-i-tytu\u0142y<br\/><\/a><br \/>\n<a href=\"http:\/\/publikacje.amu.edu.pl\/wp-content\/uploads\/2019\/10\/Autorzy.pdf\" class=\"pdfemb-viewer\" style=\"\" data-width=\"max\" data-height=\"max\"  data-toolbar=\"top\" data-toolbar-fixed=\"on\">Autorzy<br\/><\/a><\/p>\n<p><a href=\"http:\/\/publikacje.amu.edu.pl\/wp-content\/uploads\/2019\/10\/M\u0105dry-Ma\u015bli\u0144ski.pdf\" >Ma\u015bli\u0144ski-M\u0105dry &#8211; Gospodarka o obiegu zamkni\u0119tym jako nowy paradygmat gospodarowania zasobami w Unii Europejskiej <\/a><\/p>\n<p><a href=\"http:\/\/publikacje.amu.edu.pl\/wp-content\/uploads\/2019\/10\/Gontarz.pdf\">Gontarz &#8211; Pierwsze\u0144stwo prawa Unii Europejskiej przed prawem krajowym. Kolizja z suwerenno\u015bci\u0105 na gruncie acquis communautaire i polskiego acquis constituionnel <\/a><\/p>\n<p><a href=\"http:\/\/publikacje.amu.edu.pl\/wp-content\/uploads\/2019\/10\/Roli\u0144ska.pdf\">Roli\u0144ska &#8211; Przepisy wymuszaj\u0105ce swoje zastosowanie w \u015bwietle polskiego prawa rodzinnego <\/a><\/p>\n<p><a href=\"http:\/\/publikacje.amu.edu.pl\/wp-content\/uploads\/2019\/10\/Awramik-1.pdf\">Awramik &#8211; Prawa cz\u0142owieka starszego w Unii Europejskiej <\/a><\/p>\n<p><a href=\"http:\/\/publikacje.amu.edu.pl\/wp-content\/uploads\/2019\/10\/Chory\u0144ski-1.pdf\">Chory\u0144ski &#8211; Problematyka uznania Republiki Kosowa jako najm\u0142odszego pa\u0144stwa Europy <\/a><\/p>\n<p><a href=\"http:\/\/publikacje.amu.edu.pl\/wp-content\/uploads\/2019\/10\/Banaszek-1-1.pdf\">Banaszek &#8211; Pierwszy raport z tematycznej wzajemnej oceny &#8222;Ageing Management&#8221; ENSREG &#8211; zmiana \u0142adu regulacyjnego UE w zakresie energetyki j\u0105drowej po wypadku w kompleksie Fukushima Daiichi <\/a><\/p>\n<p><a href=\"http:\/\/publikacje.amu.edu.pl\/wp-content\/uploads\/2019\/10\/Grobelny-1-1.pdf\">Grobelny &#8211; Zwi\u0105zek Miast Polskich &#8211; najwa\u017cenijszy reprezentant polskich samorz\u0105d\u00f3w w Europie? <\/a><\/p>\n<p><a href=\"http:\/\/publikacje.amu.edu.pl\/wp-content\/uploads\/2019\/10\/Pewi\u0144ski-1-1.pdf\">Pewi\u0144ski &#8211; Przepisy prawne w prawodawstwie unijnym, w\u0119gierskim oraz polskim dotycz\u0105ce skutk\u00f3w stosowania przez przedsi\u0119biorc\u00f3w niedozwolonych postanowie\u0144 umownych na tle kredyt\u00f3w indeksowanych do kursu waluty obcej lub denominowanych w walucie obcej <\/a><\/p>\n<p><a href=\"http:\/\/publikacje.amu.edu.pl\/wp-content\/uploads\/2019\/10\/Noak-1-1.pdf\">Noak &#8211; Depozytariusz jako organ harmonizuj\u0105cy zasady bezpiecze\u0144stwa w pa\u0144stwach Unii Europejskiej <\/a><\/p>\n","protected":false},"excerpt":{"rendered":"<p>Ma\u015bli\u0144ski-M\u0105dry &#8211; Gospodarka o obiegu zamkni\u0119tym jako nowy paradygmat gospodarowania zasobami w Unii Europejskiej Gontarz &#8211; Pierwsze\u0144stwo prawa Unii Europejskiej przed prawem krajowym. Kolizja z suwerenno\u015bci\u0105 na gruncie acquis communautaire i polskiego acquis constituionnel Roli\u0144ska &#8211; Przepisy wymuszaj\u0105ce swoje zastosowanie w \u015bwietle polskiego prawa rodzinnego Awramik &#8211; Prawa cz\u0142owieka starszego w Unii Europejskiej Chory\u0144ski &#8211; &#8230; <a title=\"Europa w 15 lat po wielkim rozszerzeniu UE\" class=\"read-more\" href=\"http:\/\/publikacje.amu.edu.pl\/?page_id=442\" aria-label=\"More on Europa w 15 lat po wielkim rozszerzeniu UE\">Czytaj dalej<\/a><\/p>\n","protected":false},"author":1,"featured_media":0,"parent":0,"menu_order":0,"comment_status":"closed","ping_status":"closed","template":"","meta":[],"_links":{"self":[{"href":"http:\/\/publikacje.amu.edu.pl\/index.php?rest_route=\/wp\/v2\/pages\/442"}],"collection":[{"href":"http:\/\/publikacje.amu.edu.pl\/index.php?rest_route=\/wp\/v2\/pages"}],"about":[{"href":"http:\/\/publikacje.amu.edu.pl\/index.php?rest_route=\/wp\/v2\/types\/page"}],"author":[{"embeddable":true,"href":"http:\/\/publikacje.amu.edu.pl\/index.php?rest_route=\/wp\/v2\/users\/1"}],"replies":[{"embeddable":true,"href":"http:\/\/publikacje.amu.edu.pl\/index.php?rest_route=%2Fwp%2Fv2%2Fcomments&post=442"}],"version-history":[{"count":7,"href":"http:\/\/publikacje.amu.edu.pl\/index.php?rest_route=\/wp\/v2\/pages\/442\/revisions"}],"predecessor-version":[{"id":607,"href":"http:\/\/publikacje.amu.edu.pl\/index.php?rest_route=\/wp\/v2\/pages\/442\/revisions\/607"}],"wp:attachment":[{"href":"http:\/\/publikacje.amu.edu.pl\/index.php?rest_route=%2Fwp%2Fv2%2Fmedia&parent=442"}],"curies":[{"name":"wp","href":"https:\/\/api.w.org\/{rel}","templated":true}]}}