{"id":394,"date":"2019-10-14T20:18:57","date_gmt":"2019-10-14T18:18:57","guid":{"rendered":"http:\/\/publikacje.amu.edu.pl\/?page_id=394"},"modified":"2019-10-14T20:18:57","modified_gmt":"2019-10-14T18:18:57","slug":"bledy-w-tresci-i-procedurze-uchwalania-miejscowych-planow-zagospodarowania-przestrzennego-w-swietle-orzecznictwa-wojewodzkiego-sadu-administracyjnego-w-poznaniu-z-roku-2014","status":"publish","type":"page","link":"http:\/\/publikacje.amu.edu.pl\/?page_id=394","title":{"rendered":"B\u0142\u0119dy w tre\u015bci i procedurze uchwalania miejscowych plan\u00f3w zagospodarowania przestrzennego w \u015bwietle orzecznictwa Wojew\u00f3dzkiego S\u0105du Administracyjnego w Poznaniu z roku 2014"},"content":{"rendered":"<a href=\"http:\/\/publikacje.amu.edu.pl\/wp-content\/uploads\/2019\/10\/T.Madry_Orzecznictwo_WSA_w_Poznaniu.pdf\" class=\"pdfemb-viewer\" style=\"\" data-width=\"max\" data-height=\"max\"  data-toolbar=\"top\" data-toolbar-fixed=\"on\">T.Madry_Orzecznictwo_WSA_w_Poznaniu<br\/><\/a>\n","protected":false},"excerpt":{"rendered":"","protected":false},"author":1,"featured_media":0,"parent":0,"menu_order":0,"comment_status":"closed","ping_status":"closed","template":"","meta":[],"_links":{"self":[{"href":"http:\/\/publikacje.amu.edu.pl\/index.php?rest_route=\/wp\/v2\/pages\/394"}],"collection":[{"href":"http:\/\/publikacje.amu.edu.pl\/index.php?rest_route=\/wp\/v2\/pages"}],"about":[{"href":"http:\/\/publikacje.amu.edu.pl\/index.php?rest_route=\/wp\/v2\/types\/page"}],"author":[{"embeddable":true,"href":"http:\/\/publikacje.amu.edu.pl\/index.php?rest_route=\/wp\/v2\/users\/1"}],"replies":[{"embeddable":true,"href":"http:\/\/publikacje.amu.edu.pl\/index.php?rest_route=%2Fwp%2Fv2%2Fcomments&post=394"}],"version-history":[{"count":2,"href":"http:\/\/publikacje.amu.edu.pl\/index.php?rest_route=\/wp\/v2\/pages\/394\/revisions"}],"predecessor-version":[{"id":396,"href":"http:\/\/publikacje.amu.edu.pl\/index.php?rest_route=\/wp\/v2\/pages\/394\/revisions\/396"}],"wp:attachment":[{"href":"http:\/\/publikacje.amu.edu.pl\/index.php?rest_route=%2Fwp%2Fv2%2Fmedia&parent=394"}],"curies":[{"name":"wp","href":"https:\/\/api.w.org\/{rel}","templated":true}]}}