{"id":232,"date":"2019-06-28T00:50:54","date_gmt":"2019-06-27T22:50:54","guid":{"rendered":"http:\/\/publikacje.amu.edu.pl\/?page_id=232"},"modified":"2022-05-30T10:17:59","modified_gmt":"2022-05-30T08:17:59","slug":"zagospodarowanie-przestrzenne-w-miastach-na-prawach-powiatu-proba-rozwiazania-problemu","status":"publish","type":"page","link":"http:\/\/publikacje.amu.edu.pl\/?page_id=232","title":{"rendered":"Planowanie przestrzenne w miastach na prawach powiatu"},"content":{"rendered":"<p style=\"text-align: center;\"><strong>Strony tytu\u0142owe i spis tre\u015bci<\/strong><\/p>\n<a href=\"http:\/\/publikacje.amu.edu.pl\/wp-content\/uploads\/2019\/06\/Planowanie_strony-tytu\u0142owe.pdf\" class=\"pdfemb-viewer\" style=\"\" data-width=\"max\" data-height=\"max\"  data-toolbar=\"top\" data-toolbar-fixed=\"on\">Planowanie_strony tytu\u0142owe<br\/><\/a>\n<a href=\"http:\/\/publikacje.amu.edu.pl\/wp-content\/uploads\/2019\/06\/Planowanie_spis-tre\u015bci-1.pdf\" class=\"pdfemb-viewer\" style=\"\" data-width=\"max\" data-height=\"max\"  data-toolbar=\"top\" data-toolbar-fixed=\"on\">Planowanie_spis-tre\u015bci<br\/><\/a>\n<p style=\"text-align: center;\"><strong>Cze\u015b\u0107 I<br \/>\n<\/strong><strong>Instytucje i instrumenty normatywne kszta\u0142tuj\u0105ce proces planistyczny<\/strong><\/p>\n<p><a href=\"http:\/\/publikacje.amu.edu.pl\/wp-content\/uploads\/2019\/11\/Ostrowska.pdf\">A. Ostrowska &#8211; Istota i zakres w\u0142adztwa planistycznego gminy (miasta na prawach powiatu)<\/a><\/p>\n<p><a href=\"http:\/\/publikacje.amu.edu.pl\/wp-content\/uploads\/2019\/11\/Moroz.pdf\">A. Moroz &#8211; W\u0142adztwo planistyczne gminy i jego granice w kontek\u015bcie zabudowy centr\u00f3w miast<\/a><\/p>\n<p><a href=\"http:\/\/publikacje.amu.edu.pl\/wp-content\/uploads\/2019\/06\/T.M\u0105dry_Oczekiwane-kierunki-zmian-w-prawie-planowania-i-zagospodarowania-przestrzennego.pdf\">T.M\u0105dry &#8211; Oczekiwane kierunki zmian w prawie planowania i zagospodarowania przestrzennego<\/a><\/p>\n<p><a href=\"http:\/\/publikacje.amu.edu.pl\/wp-content\/uploads\/2019\/11\/Mitr\u0119ga.pdf\">A. Mitr\u0119ga &#8211; Wp\u0142yw ewolucji procesu inwestycyjno-budowlanego na zagospodarowanie przestrzenne miast na prawach powiatu<\/a><\/p>\n<p><a href=\"http:\/\/publikacje.amu.edu.pl\/wp-content\/uploads\/2019\/11\/Dragan-1.pdf\">D. Dragan &#8211; Obowi\u0105zki gminy i przedsi\u0119biorstw energetycznych w zakresie planowania energetycznego w kontek\u015bcie eksurbanizacji<\/a><\/p>\n<p><a href=\"http:\/\/publikacje.amu.edu.pl\/wp-content\/uploads\/2019\/11\/Rozczy\u0144ski.pdf\">B. Rozczy\u0144ski &#8211; Problematyka planowania przestrzennego w zakresie komunalizacji nieruchomo\u015bci Skarbu Pa\u0144stwa &#8211; wybrane zagadnienia<\/a><\/p>\n<p><a href=\"http:\/\/publikacje.amu.edu.pl\/wp-content\/uploads\/2019\/11\/Porwich.pdf\">A. Porwich &#8211; Znaczenie gminnego programu rewitalizacji dla planowania przestrzennego<\/a><\/p>\n<p><a href=\"http:\/\/publikacje.amu.edu.pl\/wp-content\/uploads\/2019\/11\/Zwierz.pdf\">M. Zwierz &#8211; Wyw\u0142aszczenie jako subsydiarny instrument realizacji planu zagospodarowania przestrzennego<\/a><\/p>\n<p style=\"text-align: center;\"><strong>Cze\u015b\u0107 II<br \/>\nCzynniki ponadlokalne wp\u0142ywaj\u0105ce na proces planowania przestrzennego<\/strong><\/p>\n<p><a href=\"http:\/\/publikacje.amu.edu.pl\/wp-content\/uploads\/2019\/11\/Sosnowski.pdf\">P. Sosnowski &#8211; Zadania powiatu w zakresie planowania przestrzennego<\/a><\/p>\n<p><a href=\"http:\/\/publikacje.amu.edu.pl\/wp-content\/uploads\/2019\/11\/Budner.pdf\">W. Budner &#8211; Planowanie przestrzenne obszar\u00f3w metropolitalnych \u2013 pr\u00f3by rozwi\u0105za\u0144 prawno-instytucjonalnych<\/a><\/p>\n<p><a href=\"http:\/\/publikacje.amu.edu.pl\/wp-content\/uploads\/2019\/11\/Kafka.pdf\">K. Kafka &#8211; Zintegrowane zarz\u0105dzanie przestrzeni\u0105 w konurbacji g\u00f3rno\u015bl\u0105skiej<\/a><\/p>\n<p><a href=\"http:\/\/publikacje.amu.edu.pl\/wp-content\/uploads\/2019\/11\/M\u0105czy\u0144ski.pdf\">M. M\u0105czy\u0144ski &#8211; Ponadgminne instrumenty planistyczne jako czynnik wspieraj\u0105cy proces planowania i zagospodarowania przestrzennego w gminie<\/a><\/p>\n<p style=\"text-align: center;\">\n<strong>Cze\u015b\u0107 III<\/strong><\/p>\n<p><strong> Praktyczne problemy w obszarze planowania i zagospodarowania przestrzennego<\/strong><\/p>\n<p><a href=\"http:\/\/publikacje.amu.edu.pl\/wp-content\/uploads\/2019\/11\/Jaskulska.pdf\">M. Jaskulska &#8211; Partycypacja publiczna w procedurze planistycznej. Prawo a praktyka spo\u0142eczna na przyk\u0142adzie Bydgoszczy i Gda\u0144ska<\/a><\/p>\n<p><a href=\"http:\/\/publikacje.amu.edu.pl\/wp-content\/uploads\/2019\/11\/Kru\u015b.pdf\">M. Kru\u015b &#8211; Problemy okre\u015blania wymog\u00f3w sytuowania miejsc postojowych<\/a><\/p>\n<p><a href=\"http:\/\/publikacje.amu.edu.pl\/wp-content\/uploads\/2019\/11\/Ja\u0142y\u0144ski.pdf\">T. Ja\u0142y\u0144ski &#8211; Jak w Jaworznie dba si\u0119 o \u0142ad przestrzenny<\/a><\/p>\n<p><a href=\"http:\/\/publikacje.amu.edu.pl\/wp-content\/uploads\/2019\/11\/Szablowska-Rochel.pdf\">P. Szab\u0142owska i M. Rochel &#8211; Problemy komunikacyjne p\u00f3\u0142nocnych dzielnic Krakowa<\/a><\/p>\n<p><a href=\"http:\/\/publikacje.amu.edu.pl\/wp-content\/uploads\/2019\/11\/Banet.pdf\">K. Banet &#8211; Uwarunkowania przestrzenne planowania g\u0142\u00f3wnych ci\u0105g\u00f3w transportowych na przyk\u0142adzie ulicy Zakopia\u0144skiej w Krakowie<\/a><\/p>\n<p><a href=\"http:\/\/publikacje.amu.edu.pl\/wp-content\/uploads\/2019\/11\/Chory\u0144ski.pdf\">J. Chory\u0144ski- Ring i kliny zieleni w tkance miejskiej Poznania <\/a><\/p>\n","protected":false},"excerpt":{"rendered":"<p>Strony tytu\u0142owe i spis tre\u015bci Cze\u015b\u0107 I Instytucje i instrumenty normatywne kszta\u0142tuj\u0105ce proces planistyczny A. Ostrowska &#8211; Istota i zakres w\u0142adztwa planistycznego gminy (miasta na prawach powiatu) A. Moroz &#8211; W\u0142adztwo planistyczne gminy i jego granice w kontek\u015bcie zabudowy centr\u00f3w miast T.M\u0105dry &#8211; Oczekiwane kierunki zmian w prawie planowania i zagospodarowania przestrzennego A. Mitr\u0119ga &#8211; &#8230; <a title=\"Planowanie przestrzenne w miastach na prawach powiatu\" class=\"read-more\" href=\"http:\/\/publikacje.amu.edu.pl\/?page_id=232\" aria-label=\"More on Planowanie przestrzenne w miastach na prawach powiatu\">Czytaj dalej<\/a><\/p>\n","protected":false},"author":1,"featured_media":0,"parent":0,"menu_order":0,"comment_status":"closed","ping_status":"closed","template":"","meta":[],"_links":{"self":[{"href":"http:\/\/publikacje.amu.edu.pl\/index.php?rest_route=\/wp\/v2\/pages\/232"}],"collection":[{"href":"http:\/\/publikacje.amu.edu.pl\/index.php?rest_route=\/wp\/v2\/pages"}],"about":[{"href":"http:\/\/publikacje.amu.edu.pl\/index.php?rest_route=\/wp\/v2\/types\/page"}],"author":[{"embeddable":true,"href":"http:\/\/publikacje.amu.edu.pl\/index.php?rest_route=\/wp\/v2\/users\/1"}],"replies":[{"embeddable":true,"href":"http:\/\/publikacje.amu.edu.pl\/index.php?rest_route=%2Fwp%2Fv2%2Fcomments&post=232"}],"version-history":[{"count":48,"href":"http:\/\/publikacje.amu.edu.pl\/index.php?rest_route=\/wp\/v2\/pages\/232\/revisions"}],"predecessor-version":[{"id":698,"href":"http:\/\/publikacje.amu.edu.pl\/index.php?rest_route=\/wp\/v2\/pages\/232\/revisions\/698"}],"wp:attachment":[{"href":"http:\/\/publikacje.amu.edu.pl\/index.php?rest_route=%2Fwp%2Fv2%2Fmedia&parent=232"}],"curies":[{"name":"wp","href":"https:\/\/api.w.org\/{rel}","templated":true}]}}